{"id":69,"date":"2016-12-11T14:59:11","date_gmt":"2016-12-11T13:59:11","guid":{"rendered":"https:\/\/jeromeadamec.com\/?page_id=69"},"modified":"2019-02-21T16:07:59","modified_gmt":"2019-02-21T15:07:59","slug":"joueurs","status":"publish","type":"page","link":"https:\/\/jeromeadamec.com\/en\/joueurs\/","title":{"rendered":"Players"},"content":{"rendered":"<div class=\"wpb-content-wrapper\"><p>[vc_row full_width=&#8221;stretch_row&#8221; full_height=&#8221;yes&#8221; equal_height=&#8221;yes&#8221; content_placement=&#8221;middle&#8221; css=&#8221;.vc_custom_1481489120988{padding-top: 50px !important;background-color: #f9f9f9 !important;}&#8221;][vc_column css=&#8221;.vc_custom_1481466669147{padding-bottom: 40px !important;}&#8221;][vc_column_text]<\/p>\n<h1 style=\"text-align: center;\">Players who trusted in\u00a0him<\/h1>\n<p>[\/vc_column_text][vc_row_inner equal_height=&#8221;yes&#8221; content_placement=&#8221;bottom&#8221; gap=&#8221;5&#8243; css=&#8221;.vc_custom_1481483021037{padding-bottom: 40px !important;}&#8221;][vc_column_inner width=&#8221;1\/3&#8243; css=&#8221;.vc_custom_1481468006196{border-right-width: 1px !important;}&#8221;][vc_single_image image=&#8221;73&#8243; alignment=&#8221;center&#8221; style=&#8221;vc_box_border_circle&#8221; border_color=&#8221;green&#8221;][vc_separator color=&#8221;black&#8221; style=&#8221;shadow&#8221; el_width=&#8221;50&#8243;][vc_column_text css_animation=&#8221;flipInX&#8221;]<\/p>\n<p style=\"text-align: center;\"><span style=\"color: #aed74c;\"><strong>Younes El Aynaoui (MAR)<\/strong><\/span><\/p>\n<p style=\"text-align: center;\"><span style=\"color: #000000;\"><strong>14 ATP<\/strong><\/span><\/p>\n<p>[\/vc_column_text][vc_separator color=&#8221;custom&#8221; style=&#8221;dashed&#8221; el_width=&#8221;50&#8243; accent_color=&#8221;#aed74c&#8221;][\/vc_column_inner][vc_column_inner width=&#8221;1\/3&#8243; css=&#8221;.vc_custom_1481468045469{border-right-width: 1px !important;border-left-width: 1px !important;border-left-color: #aed74c !important;border-left-style: dashed !important;border-right-color: #aed74c !important;border-right-style: dashed !important;}&#8221;][vc_single_image image=&#8221;74&#8243; alignment=&#8221;center&#8221; style=&#8221;vc_box_border_circle&#8221; border_color=&#8221;green&#8221;][vc_separator color=&#8221;black&#8221; style=&#8221;shadow&#8221; el_width=&#8221;50&#8243;][vc_column_text css_animation=&#8221;flipInX&#8221;]<\/p>\n<p style=\"text-align: center;\"><span style=\"color: #aed74c;\"><strong>Barbora Strycova (CZE)<\/strong><\/span><\/p>\n<p style=\"text-align: center;\"><span style=\"color: #000000;\"><strong>16 WTA<\/strong><\/span><\/p>\n<p>[\/vc_column_text][vc_separator color=&#8221;custom&#8221; style=&#8221;dashed&#8221; el_width=&#8221;50&#8243; accent_color=&#8221;#aed74c&#8221;][\/vc_column_inner][vc_column_inner width=&#8221;1\/3&#8243; css=&#8221;.vc_custom_1481468020280{border-left-width: 1px !important;}&#8221;][vc_single_image image=&#8221;318&#8243; alignment=&#8221;center&#8221; style=&#8221;vc_box_border_circle&#8221; border_color=&#8221;green&#8221;][vc_separator color=&#8221;black&#8221; style=&#8221;shadow&#8221; el_width=&#8221;50&#8243;][vc_column_text css_animation=&#8221;flipInX&#8221;]<\/p>\n<p style=\"text-align: center;\"><span style=\"color: #aed74c;\"><strong>Mona Barthel (GER)<\/strong><\/span><\/p>\n<p style=\"text-align: center;\"><span style=\"color: #000000;\"><strong>23 WTA<\/strong><\/span><\/p>\n<p>[\/vc_column_text][vc_separator color=&#8221;custom&#8221; style=&#8221;dashed&#8221; el_width=&#8221;50&#8243; accent_color=&#8221;#aed74c&#8221;][\/vc_column_inner][\/vc_row_inner][vc_row_inner equal_height=&#8221;yes&#8221; content_placement=&#8221;bottom&#8221; gap=&#8221;5&#8243; css=&#8221;.vc_custom_1481483021037{padding-bottom: 40px !important;}&#8221;][vc_column_inner width=&#8221;1\/3&#8243; css=&#8221;.vc_custom_1481468006196{border-right-width: 1px !important;}&#8221;][vc_single_image image=&#8221;75&#8243; alignment=&#8221;center&#8221; style=&#8221;vc_box_border_circle&#8221; border_color=&#8221;green&#8221;][vc_separator color=&#8221;black&#8221; style=&#8221;shadow&#8221; el_width=&#8221;50&#8243;][vc_column_text css_animation=&#8221;flipInX&#8221;]<\/p>\n<p style=\"text-align: center;\"><span style=\"color: #aed74c;\"><strong>Tatjana Malek (GER)<\/strong><\/span><\/p>\n<p style=\"text-align: center;\"><span style=\"color: #000000;\"><strong>46 WTA<\/strong><\/span><\/p>\n<p>[\/vc_column_text][vc_separator color=&#8221;custom&#8221; style=&#8221;dashed&#8221; el_width=&#8221;50&#8243; accent_color=&#8221;#aed74c&#8221;][\/vc_column_inner][vc_column_inner width=&#8221;1\/3&#8243; css=&#8221;.vc_custom_1481468045469{border-right-width: 1px !important;border-left-width: 1px !important;border-left-color: #aed74c !important;border-left-style: dashed !important;border-right-color: #aed74c !important;border-right-style: dashed !important;}&#8221;][vc_single_image image=&#8221;357&#8243; alignment=&#8221;center&#8221; style=&#8221;vc_box_border_circle&#8221; border_color=&#8221;green&#8221;][vc_separator color=&#8221;black&#8221; style=&#8221;shadow&#8221; el_width=&#8221;50&#8243;][vc_column_text css_animation=&#8221;flipInX&#8221;]<\/p>\n<p style=\"text-align: center;\"><span style=\"color: #aed74c;\"><strong>Silvia Soler Espinosa (ESP)<\/strong><\/span><\/p>\n<p style=\"text-align: center;\"><span style=\"color: #000000;\"><strong>54 WTA<\/strong><\/span><\/p>\n<p>[\/vc_column_text][vc_separator color=&#8221;custom&#8221; style=&#8221;dashed&#8221; el_width=&#8221;50&#8243; accent_color=&#8221;#aed74c&#8221;][\/vc_column_inner][vc_column_inner width=&#8221;1\/3&#8243; css=&#8221;.vc_custom_1481468020280{border-left-width: 1px !important;}&#8221;][vc_single_image image=&#8221;455&#8243; alignment=&#8221;center&#8221; style=&#8221;vc_box_border_circle&#8221; border_color=&#8221;green&#8221;][vc_separator color=&#8221;black&#8221; style=&#8221;shadow&#8221; el_width=&#8221;50&#8243;][vc_column_text css_animation=&#8221;flipInX&#8221;]<\/p>\n<p style=\"text-align: center;\"><span style=\"color: #aed74c;\"><strong>\u00c7a\u011fla B\u00fcy\u00fckak\u00e7ay (TUR)<\/strong><\/span><\/p>\n<p style=\"text-align: center;\"><span style=\"color: #000000;\"><strong>60 WTA<\/strong><\/span><\/p>\n<p>[\/vc_column_text][vc_separator color=&#8221;custom&#8221; style=&#8221;dashed&#8221; el_width=&#8221;50&#8243; accent_color=&#8221;#aed74c&#8221;][\/vc_column_inner][\/vc_row_inner][vc_row_inner equal_height=&#8221;yes&#8221; content_placement=&#8221;bottom&#8221; gap=&#8221;5&#8243; css=&#8221;.vc_custom_1481483021037{padding-bottom: 40px !important;}&#8221;][vc_column_inner width=&#8221;1\/3&#8243; css=&#8221;.vc_custom_1481468006196{border-right-width: 1px !important;}&#8221;][vc_single_image image=&#8221;321&#8243; alignment=&#8221;center&#8221; style=&#8221;vc_box_border_circle&#8221; border_color=&#8221;green&#8221;][vc_separator color=&#8221;black&#8221; style=&#8221;shadow&#8221; el_width=&#8221;50&#8243;][vc_column_text css_animation=&#8221;flipInX&#8221;]<\/p>\n<p style=\"text-align: center;\"><span style=\"color: #aed74c;\"><strong>Naomi Broady (GBR)<\/strong><\/span><\/p>\n<p style=\"text-align: center;\"><span style=\"color: #000000;\"><strong>76 WTA<\/strong><\/span><\/p>\n<p>[\/vc_column_text][vc_separator color=&#8221;custom&#8221; style=&#8221;dashed&#8221; el_width=&#8221;50&#8243; accent_color=&#8221;#aed74c&#8221;][\/vc_column_inner][vc_column_inner width=&#8221;1\/3&#8243; css=&#8221;.vc_custom_1481468045469{border-right-width: 1px !important;border-left-width: 1px !important;border-left-color: #aed74c !important;border-left-style: dashed !important;border-right-color: #aed74c !important;border-right-style: dashed !important;}&#8221;][vc_single_image image=&#8221;105&#8243; alignment=&#8221;center&#8221; style=&#8221;vc_box_border_circle&#8221; border_color=&#8221;green&#8221;][vc_separator color=&#8221;black&#8221; style=&#8221;shadow&#8221; el_width=&#8221;50&#8243;][vc_column_text css_animation=&#8221;flipInX&#8221;]<\/p>\n<p style=\"text-align: center;\"><span style=\"color: #aed74c;\"><strong>Diego Hipperdinger (ARG)<\/strong><\/span><\/p>\n<p style=\"text-align: center;\"><span style=\"color: #000000;\"><strong>177 ATP<\/strong><\/span><\/p>\n<p>[\/vc_column_text][vc_separator color=&#8221;custom&#8221; style=&#8221;dashed&#8221; el_width=&#8221;50&#8243; accent_color=&#8221;#aed74c&#8221;][\/vc_column_inner][vc_column_inner width=&#8221;1\/3&#8243; css=&#8221;.vc_custom_1481468020280{border-left-width: 1px !important;}&#8221;][vc_single_image image=&#8221;311&#8243; alignment=&#8221;center&#8221; style=&#8221;vc_box_border_circle&#8221; border_color=&#8221;green&#8221;][vc_separator color=&#8221;black&#8221; style=&#8221;shadow&#8221; el_width=&#8221;50&#8243;][vc_column_text css_animation=&#8221;flipInX&#8221;]<\/p>\n<p style=\"text-align: center;\"><span style=\"color: #aed74c;\"><strong>James McGee (IRL)<\/strong><\/span><\/p>\n<p style=\"text-align: center;\"><span style=\"color: #000000;\"><strong>188 ATP<\/strong><\/span><\/p>\n<p>[\/vc_column_text][vc_separator color=&#8221;custom&#8221; style=&#8221;dashed&#8221; el_width=&#8221;50&#8243; accent_color=&#8221;#aed74c&#8221;][\/vc_column_inner][\/vc_row_inner][vc_row_inner equal_height=&#8221;yes&#8221; content_placement=&#8221;bottom&#8221; gap=&#8221;5&#8243; css=&#8221;.vc_custom_1481483021037{padding-bottom: 40px !important;}&#8221;][vc_column_inner width=&#8221;1\/3&#8243; css=&#8221;.vc_custom_1481468006196{border-right-width: 1px !important;}&#8221;][vc_single_image image=&#8221;108&#8243; alignment=&#8221;center&#8221; style=&#8221;vc_box_border_circle&#8221; border_color=&#8221;green&#8221;][vc_separator color=&#8221;black&#8221; style=&#8221;shadow&#8221; el_width=&#8221;50&#8243;][vc_column_text css_animation=&#8221;flipInX&#8221;]<\/p>\n<p style=\"text-align: center;\"><span style=\"color: #aed74c;\"><strong>Jakub Herm-Zahlava (GER)<\/strong><\/span><\/p>\n<p style=\"text-align: center;\"><span style=\"color: #000000;\"><strong>194 ATP<\/strong><\/span><\/p>\n<p>[\/vc_column_text][vc_separator color=&#8221;custom&#8221; style=&#8221;dashed&#8221; el_width=&#8221;50&#8243; accent_color=&#8221;#aed74c&#8221;][\/vc_column_inner][vc_column_inner width=&#8221;1\/3&#8243; css=&#8221;.vc_custom_1481468045469{border-right-width: 1px !important;border-left-width: 1px !important;border-left-color: #aed74c !important;border-left-style: dashed !important;border-right-color: #aed74c !important;border-right-style: dashed !important;}&#8221;][vc_single_image image=&#8221;110&#8243; alignment=&#8221;center&#8221; style=&#8221;vc_box_border_circle&#8221; border_color=&#8221;green&#8221;][vc_separator color=&#8221;black&#8221; style=&#8221;shadow&#8221; el_width=&#8221;50&#8243;][vc_column_text css_animation=&#8221;flipInX&#8221;]<\/p>\n<p style=\"text-align: center;\"><span style=\"color: #aed74c;\"><strong>Louk Sorensen (IRL)<\/strong><\/span><\/p>\n<p style=\"text-align: center;\"><span style=\"color: #000000;\"><strong>213 ATP<\/strong><\/span><\/p>\n<p>[\/vc_column_text][vc_separator color=&#8221;custom&#8221; style=&#8221;dashed&#8221; el_width=&#8221;50&#8243; accent_color=&#8221;#aed74c&#8221;][\/vc_column_inner][vc_column_inner width=&#8221;1\/3&#8243; css=&#8221;.vc_custom_1481468020280{border-left-width: 1px !important;}&#8221;][vc_single_image image=&#8221;310&#8243; alignment=&#8221;center&#8221; style=&#8221;vc_box_border_circle&#8221; border_color=&#8221;green&#8221;][vc_separator color=&#8221;black&#8221; style=&#8221;shadow&#8221; el_width=&#8221;50&#8243;][vc_column_text css_animation=&#8221;flipInX&#8221;]<\/p>\n<p style=\"text-align: center;\"><span style=\"color: #aed74c;\"><strong>Pedro Clar Rossell (ESP)<\/strong><\/span><\/p>\n<p style=\"text-align: center;\"><span style=\"color: #000000;\"><strong>237 ATP<\/strong><\/span><\/p>\n<p>[\/vc_column_text][vc_separator color=&#8221;custom&#8221; style=&#8221;dashed&#8221; el_width=&#8221;50&#8243; accent_color=&#8221;#aed74c&#8221;][\/vc_column_inner][\/vc_row_inner][vc_row_inner equal_height=&#8221;yes&#8221; content_placement=&#8221;bottom&#8221; gap=&#8221;5&#8243; css=&#8221;.vc_custom_1481483021037{padding-bottom: 40px !important;}&#8221;][vc_column_inner width=&#8221;1\/3&#8243; css=&#8221;.vc_custom_1481468006196{border-right-width: 1px !important;}&#8221;][vc_single_image image=&#8221;112&#8243; alignment=&#8221;center&#8221; style=&#8221;vc_box_border_circle&#8221; border_color=&#8221;green&#8221;][vc_separator color=&#8221;black&#8221; style=&#8221;shadow&#8221; el_width=&#8221;50&#8243;][vc_column_text css_animation=&#8221;flipInX&#8221;]<\/p>\n<p style=\"text-align: center;\"><span style=\"color: #aed74c;\"><strong>Mounir El Aarej (MAR)<\/strong><\/span><\/p>\n<p style=\"text-align: center;\"><span style=\"color: #000000;\"><strong>319 ATP<\/strong><\/span><\/p>\n<p>[\/vc_column_text][vc_separator color=&#8221;custom&#8221; style=&#8221;dashed&#8221; el_width=&#8221;50&#8243; accent_color=&#8221;#aed74c&#8221;][\/vc_column_inner][vc_column_inner width=&#8221;1\/3&#8243; css=&#8221;.vc_custom_1481468045469{border-right-width: 1px !important;border-left-width: 1px !important;border-left-color: #aed74c !important;border-left-style: dashed !important;border-right-color: #aed74c !important;border-right-style: dashed !important;}&#8221;][vc_single_image image=&#8221;116&#8243; alignment=&#8221;center&#8221; style=&#8221;vc_box_border_circle&#8221; border_color=&#8221;green&#8221;][vc_separator color=&#8221;black&#8221; style=&#8221;shadow&#8221; el_width=&#8221;50&#8243;][vc_column_text css_animation=&#8221;flipInX&#8221;]<\/p>\n<p style=\"text-align: center;\"><span style=\"color: #aed74c;\"><strong>Mario Mu\u00f1oz (ESP)<\/strong><\/span><\/p>\n<p style=\"text-align: center;\"><span style=\"color: #000000;\"><strong>319 ATP<\/strong><\/span><\/p>\n<p>[\/vc_column_text][vc_separator color=&#8221;custom&#8221; style=&#8221;dashed&#8221; el_width=&#8221;50&#8243; accent_color=&#8221;#aed74c&#8221;][\/vc_column_inner][vc_column_inner width=&#8221;1\/3&#8243; css=&#8221;.vc_custom_1481468020280{border-left-width: 1px !important;}&#8221;][vc_single_image image=&#8221;117&#8243; alignment=&#8221;center&#8221; style=&#8221;vc_box_border_circle&#8221; border_color=&#8221;green&#8221;][vc_separator color=&#8221;black&#8221; style=&#8221;shadow&#8221; el_width=&#8221;50&#8243;][vc_column_text css_animation=&#8221;flipInX&#8221;]<\/p>\n<p style=\"text-align: center;\"><span style=\"color: #aed74c;\"><strong>Kevin Sorensen (IRL)<\/strong><\/span><\/p>\n<p style=\"text-align: center;\"><span style=\"color: #000000;\"><strong>353 ATP<\/strong><\/span><\/p>\n<p>[\/vc_column_text][vc_separator color=&#8221;custom&#8221; style=&#8221;dashed&#8221; el_width=&#8221;50&#8243; accent_color=&#8221;#aed74c&#8221;][\/vc_column_inner][\/vc_row_inner][vc_row_inner equal_height=&#8221;yes&#8221; content_placement=&#8221;bottom&#8221; gap=&#8221;5&#8243; css=&#8221;.vc_custom_1481483021037{padding-bottom: 40px !important;}&#8221;][vc_column_inner width=&#8221;1\/3&#8243; css=&#8221;.vc_custom_1481468006196{border-right-width: 1px !important;}&#8221;][vc_single_image image=&#8221;118&#8243; alignment=&#8221;center&#8221; style=&#8221;vc_box_border_circle&#8221; border_color=&#8221;green&#8221;][vc_separator color=&#8221;black&#8221; style=&#8221;shadow&#8221; el_width=&#8221;50&#8243;][vc_column_text css_animation=&#8221;flipInX&#8221;]<\/p>\n<p style=\"text-align: center;\"><span style=\"color: #aed74c;\"><strong>Ferran Ventura Martell (ESP)<\/strong><\/span><\/p>\n<p style=\"text-align: center;\"><span style=\"color: #000000;\"><strong>429 ATP<\/strong><\/span><\/p>\n<p>[\/vc_column_text][vc_separator color=&#8221;custom&#8221; style=&#8221;dashed&#8221; el_width=&#8221;50&#8243; accent_color=&#8221;#aed74c&#8221;][\/vc_column_inner][vc_column_inner width=&#8221;1\/3&#8243; css=&#8221;.vc_custom_1481468045469{border-right-width: 1px !important;border-left-width: 1px !important;border-left-color: #aed74c !important;border-left-style: dashed !important;border-right-color: #aed74c !important;border-right-style: dashed !important;}&#8221;][\/vc_column_inner][vc_column_inner width=&#8221;1\/3&#8243; css=&#8221;.vc_custom_1481468020280{border-left-width: 1px !important;}&#8221;][\/vc_column_inner][\/vc_row_inner][\/vc_column][\/vc_row]<\/p>\n<\/div>","protected":false},"excerpt":{"rendered":"<p>[vc_row full_width=&#8221;stretch_row&#8221; full_height=&#8221;yes&#8221; equal_height=&#8221;yes&#8221; content_placement=&#8221;middle&#8221; css=&#8221;.vc_custom_1481489120988{padding-top: 50px !important;background-color: #f9f9f9 !important;}&#8221;][vc_column css=&#8221;.vc_custom_1481466669147{padding-bottom: 40px !important;}&#8221;][vc_column_text] Players who trusted in\u00a0him [\/vc_column_text][vc_row_inner equal_height=&#8221;yes&#8221; content_placement=&#8221;bottom&#8221; gap=&#8221;5&#8243; css=&#8221;.vc_custom_1481483021037{padding-bottom: 40px !important;}&#8221;][vc_column_inner width=&#8221;1\/3&#8243; css=&#8221;.vc_custom_1481468006196{border-right-width: 1px !important;}&#8221;][vc_single_image image=&#8221;73&#8243; alignment=&#8221;center&#8221; style=&#8221;vc_box_border_circle&#8221; border_color=&#8221;green&#8221;][vc_separator color=&#8221;black&#8221; style=&#8221;shadow&#8221; el_width=&#8221;50&#8243;][vc_column_text css_animation=&#8221;flipInX&#8221;] Younes El Aynaoui (MAR) 14 ATP [\/vc_column_text][vc_separator color=&#8221;custom&#8221; style=&#8221;dashed&#8221; el_width=&#8221;50&#8243; accent_color=&#8221;#aed74c&#8221;][\/vc_column_inner][vc_column_inner width=&#8221;1\/3&#8243; css=&#8221;.vc_custom_1481468045469{border-right-width: 1px !important;border-left-width: 1px !important;border-left-color: #aed74c !important;border-left-style: [&hellip;]<\/p>\n","protected":false},"author":1,"featured_media":0,"parent":0,"menu_order":0,"comment_status":"closed","ping_status":"closed","template":"","meta":{"site-sidebar-layout":"no-sidebar","site-content-layout":"plain-container","ast-site-content-layout":"","site-content-style":"default","site-sidebar-style":"default","ast-global-header-display":"","ast-banner-title-visibility":"","ast-main-header-display":"","ast-hfb-above-header-display":"","ast-hfb-below-header-display":"","ast-hfb-mobile-header-display":"","site-post-title":"disabled","ast-breadcrumbs-content":"","ast-featured-img":"disabled","footer-sml-layout":"","theme-transparent-header-meta":"","adv-header-id-meta":"","stick-header-meta":"","header-above-stick-meta":"","header-main-stick-meta":"","header-below-stick-meta":"","astra-migrate-meta-layouts":"default","ast-page-background-enabled":"default","ast-page-background-meta":{"desktop":{"background-color":"var(--ast-global-color-4)","background-image":"","background-repeat":"repeat","background-position":"center center","background-size":"auto","background-attachment":"scroll","background-type":"","background-media":"","overlay-type":"","overlay-color":"","overlay-opacity":"","overlay-gradient":""},"tablet":{"background-color":"","background-image":"","background-repeat":"repeat","background-position":"center center","background-size":"auto","background-attachment":"scroll","background-type":"","background-media":"","overlay-type":"","overlay-color":"","overlay-opacity":"","overlay-gradient":""},"mobile":{"background-color":"","background-image":"","background-repeat":"repeat","background-position":"center center","background-size":"auto","background-attachment":"scroll","background-type":"","background-media":"","overlay-type":"","overlay-color":"","overlay-opacity":"","overlay-gradient":""}},"ast-content-background-meta":{"desktop":{"background-color":"var(--ast-global-color-5)","background-image":"","background-repeat":"repeat","background-position":"center center","background-size":"auto","background-attachment":"scroll","background-type":"","background-media":"","overlay-type":"","overlay-color":"","overlay-opacity":"","overlay-gradient":""},"tablet":{"background-color":"var(--ast-global-color-5)","background-image":"","background-repeat":"repeat","background-position":"center center","background-size":"auto","background-attachment":"scroll","background-type":"","background-media":"","overlay-type":"","overlay-color":"","overlay-opacity":"","overlay-gradient":""},"mobile":{"background-color":"var(--ast-global-color-5)","background-image":"","background-repeat":"repeat","background-position":"center center","background-size":"auto","background-attachment":"scroll","background-type":"","background-media":"","overlay-type":"","overlay-color":"","overlay-opacity":"","overlay-gradient":""}},"footnotes":""},"class_list":["post-69","page","type-page","status-publish","hentry"],"_links":{"self":[{"href":"https:\/\/jeromeadamec.com\/en\/wp-json\/wp\/v2\/pages\/69"}],"collection":[{"href":"https:\/\/jeromeadamec.com\/en\/wp-json\/wp\/v2\/pages"}],"about":[{"href":"https:\/\/jeromeadamec.com\/en\/wp-json\/wp\/v2\/types\/page"}],"author":[{"embeddable":true,"href":"https:\/\/jeromeadamec.com\/en\/wp-json\/wp\/v2\/users\/1"}],"replies":[{"embeddable":true,"href":"https:\/\/jeromeadamec.com\/en\/wp-json\/wp\/v2\/comments?post=69"}],"version-history":[{"count":61,"href":"https:\/\/jeromeadamec.com\/en\/wp-json\/wp\/v2\/pages\/69\/revisions"}],"predecessor-version":[{"id":461,"href":"https:\/\/jeromeadamec.com\/en\/wp-json\/wp\/v2\/pages\/69\/revisions\/461"}],"wp:attachment":[{"href":"https:\/\/jeromeadamec.com\/en\/wp-json\/wp\/v2\/media?parent=69"}],"curies":[{"name":"wp","href":"https:\/\/api.w.org\/{rel}","templated":true}]}}