{"id":2,"date":"2016-12-10T15:42:01","date_gmt":"2016-12-10T14:42:01","guid":{"rendered":"https:\/\/jeromeadamec.com\/?page_id=2"},"modified":"2024-06-07T09:08:30","modified_gmt":"2024-06-07T07:08:30","slug":"accueil","status":"publish","type":"page","link":"https:\/\/jeromeadamec.com\/es\/","title":{"rendered":"Bienvenida"},"content":{"rendered":"<div class=\"wpb-content-wrapper\"><p><\/p>\n<p>[vc_row full_width=\u00bbstretch_row\u00bb full_height=\u00bbyes\u00bb equal_height=\u00bbyes\u00bb content_placement=\u00bbmiddle\u00bb parallax=\u00bbcontent-moving\u00bb parallax_speed_bg=\u00bb1.2&#8243; css=\u00bb.vc_custom_1481464051674{background-image: url(https:\/\/jeromeadamec.com\/wp-content\/uploads\/2016\/12\/bg1.jpg?id=11) !important;background-position: center;background-repeat: no-repeat;background-size: cover !important;}\u00bb][vc_column][vc_row_inner][vc_column_inner width=\u00bb1\/2&#8243;][vc_column_text css=\u00bb.vc_custom_1481548728838{padding-bottom: 30px !important;}\u00bb]<\/p>\n<h1 style=\"text-align: center;\"><span style=\"color: #ffffff;\">J\u00e9r\u00f4me Adamec<\/span><\/h1>\n<p>[\/vc_column_text][vc_column_text]<\/p>\n<p style=\"text-align: center;\"><span style=\"color: #ffffff;\">20 a\u00f1os de experiencia como entrenador en el circuito ATP\/WTA<\/span><\/p>\n<p style=\"text-align: center;\"><span style=\"color: #ffffff;\">Nominado entrenador de oro por la WTA<\/span><\/p>\n<p style=\"text-align: center;\"><span style=\"color: #ffffff;\"><strong>Edad :<\/strong> 49 a\u00f1os<\/span><\/p>\n<p style=\"text-align: center;\"><span style=\"color: #ffffff;\"><strong>Idiomas :<\/strong> Franc\u00e9s, Castellano, Ingl\u00e9s.<\/span><\/p>\n<p>[\/vc_column_text][vc_empty_space][vc_column_text]<\/p>\n<p style=\"text-align: center;\"><img loading=\"lazy\" decoding=\"async\" class=\"alignnone wp-image-183\" src=\"https:\/\/jeromeadamec.com\/wp-content\/uploads\/2016\/12\/gauche.png\" width=\"30\" height=\"28\" \/>\u00a0 \u00a0 \u00a0<span style=\"color: #000000;\"><span style=\"color: #ffffff;\">\u00ab Respeto, Humildad, Disciplina\u00a0\u00bb \u00a0 \u00a0\u00a0<\/span><img loading=\"lazy\" decoding=\"async\" class=\"alignnone wp-image-184\" src=\"https:\/\/jeromeadamec.com\/wp-content\/uploads\/2016\/12\/droite.png\" width=\"30\" height=\"28\" \/><\/span><\/p>\n<p>[\/vc_column_text][vc_empty_space][vc_column_text]<\/p>\n<p style=\"text-align: center;\"><span style=\"color: #000000;\"><img loading=\"lazy\" decoding=\"async\" class=\"alignleft wp-image-183\" src=\"https:\/\/jeromeadamec.com\/wp-content\/uploads\/2016\/12\/gauche.png\" width=\"30\" height=\"28\" \/><\/span><span style=\"color: #000000;\"><span style=\"color: #ffffff;\"><img loading=\"lazy\" decoding=\"async\" class=\"alignright wp-image-184\" src=\"https:\/\/jeromeadamec.com\/wp-content\/uploads\/2016\/12\/droite.png\" width=\"30\" height=\"28\" \/><\/span><\/span><br \/>\n<span style=\"color: #ffffff;\">\u00ab\u00a0Una de las claves del \u00e9xito es la confianza en s\u00ed mismo, una de las claves para la confianza en s\u00ed mismo es la preparaci\u00f3n\u00a0\u00bb<br \/>\n<em><strong>Arthur Ashe<\/strong>.<\/em><\/span><\/p>\n<p>[\/vc_column_text][\/vc_column_inner][vc_column_inner width=\u00bb1\/2&#8243;][\/vc_column_inner][\/vc_row_inner][\/vc_column][\/vc_row][vc_row css=\u00bb.vc_custom_1481578552864{background-color: #ffffff !important;}\u00bb][vc_column][vc_empty_space height=\u00bb5px\u00bb][\/vc_column][\/vc_row][vc_row full_width=\u00bbstretch_row_content_no_spaces\u00bb full_height=\u00bbyes\u00bb equal_height=\u00bbyes\u00bb content_placement=\u00bbmiddle\u00bb video_bckgr_url=\u00bbhttps:\/\/www.youtube.com\/watch?v=3cAvZte2vTs\u00bb css=\u00bb.vc_custom_1711096262706{background-image: url(https:\/\/jeromeadamec.com\/wp-content\/uploads\/2016\/12\/3.jpg?id=331) !important;background-position: center !important;background-repeat: no-repeat !important;background-size: cover !important;}\u00bb][vc_column width=\u00bb1\/4&#8243;][\/vc_column][vc_column width=\u00bb1\/2&#8243;][vc_column_text css=\u00bb.vc_custom_1482159442639{padding-top: 10px !important;padding-right: 10px !important;padding-bottom: 10px !important;padding-left: 10px !important;background-color: rgba(10,10,10,0.5) !important;*background-color: rgb(10,10,10) !important;border-radius: 10px !important;}\u00bb]<\/p>\n<h3 style=\"text-align: center;\"><a href=\"\/es\/joueurs\/\">Los jugadores que confiaron en el<\/a><\/h3>\n<p style=\"text-align: center;\"><a href=\"\/es\/joueurs\/\">Mas&#8230;<\/a><\/p>\n<p>[\/vc_column_text][vc_single_image image=\u00bb74&#8243; alignment=\u00bbcenter\u00bb style=\u00bbvc_box_border_circle\u00bb border_color=\u00bbgreen\u00bb onclick=\u00bbcustom_link\u00bb link=\u00bb\/es\/joueurs\/\u00bb][\/vc_column][vc_column width=\u00bb1\/4&#8243;][\/vc_column][\/vc_row][vc_row full_width=\u00bbstretch_row_content\u00bb full_height=\u00bbyes\u00bb equal_height=\u00bbyes\u00bb content_placement=\u00bbmiddle\u00bb][vc_column][vc_column_text css=\u00bb.vc_custom_1482340303896{padding-bottom: 40px !important;}\u00bb]<\/p>\n<h1 style=\"text-align: center;\">Centro de Entrenamiento<\/h1>\n<p>[\/vc_column_text][vc_row_inner gap=\u00bb20&#8243;][vc_column_inner width=\u00bb1\/3&#8243; css=\u00bb.vc_custom_1481553026525{padding-left: 20px !important;}\u00bb][vc_single_image image=\u00bb37&#8243; img_size=\u00bbfull\u00bb alignment=\u00bbcenter\u00bb style=\u00bbvc_box_border_circle_2&#8243; border_color=\u00bbgreen\u00bb onclick=\u00bbcustom_link\u00bb link=\u00bb\/es\/structure-daccueil\/\u00bb][\/vc_column_inner][vc_column_inner width=\u00bb1\/3&#8243;][vc_single_image image=\u00bb146&#8243; img_size=\u00bbfull\u00bb alignment=\u00bbcenter\u00bb style=\u00bbvc_box_border_circle_2&#8243; border_color=\u00bbgreen\u00bb onclick=\u00bbcustom_link\u00bb link=\u00bb\/es\/structure-daccueil\/\u00bb][\/vc_column_inner][vc_column_inner width=\u00bb1\/3&#8243; css=\u00bb.vc_custom_1481553033017{padding-right: 20px !important;}\u00bb][vc_single_image image=\u00bb433&#8243; img_size=\u00bbfull\u00bb alignment=\u00bbcenter\u00bb style=\u00bbvc_box_border_circle_2&#8243; border_color=\u00bbgreen\u00bb onclick=\u00bbcustom_link\u00bb link=\u00bb\/es\/structure-daccueil\/\u00bb][\/vc_column_inner][\/vc_row_inner][\/vc_column][\/vc_row][vc_row full_width=\u00bbstretch_row\u00bb full_height=\u00bbyes\u00bb equal_height=\u00bbyes\u00bb content_placement=\u00bbmiddle\u00bb css_animation=\u00bbnone\u00bb css=\u00bb.vc_custom_1481551558222{background-image: url(https:\/\/jeromeadamec.com\/wp-content\/uploads\/2016\/12\/1-1.jpg?id=245) !important;background-position: center !important;background-repeat: no-repeat !important;background-size: cover !important;}\u00bb][vc_column][vc_column_text]<\/p>\n<p style=\"text-align: justify;\"><a href=\"http:\/\/www.wtatennis.com\/news\/article\/4530989\/title\/historic-week-for-czech-republic\" target=\"_blank\" rel=\"noopener\"><span style=\"color: #ffffff;\">\u00abI feel my game has evolved a lot since I started working with my coach,\u00a0Jerome Adamec&#8230;.<img loading=\"lazy\" decoding=\"async\" class=\"alignright wp-image-184\" src=\"https:\/\/jeromeadamec.com\/wp-content\/uploads\/2016\/12\/droite.png\" width=\"30\" height=\"28\" \/><\/span><\/a><a href=\"http:\/\/www.wtatennis.com\/news\/article\/4530989\/title\/historic-week-for-czech-republic\" target=\"_blank\" rel=\"noopener\"><img loading=\"lazy\" decoding=\"async\" class=\"alignleft wp-image-183\" src=\"https:\/\/jeromeadamec.com\/wp-content\/uploads\/2016\/12\/gauche.png\" width=\"30\" height=\"28\" \/><\/a><\/p>\n<p style=\"text-align: justify;\"><a href=\"http:\/\/www.wtatennis.com\/news\/article\/4530989\/title\/historic-week-for-czech-republic\" target=\"_blank\" rel=\"noopener\"><span style=\"color: #ffffff;\">&#8230;If somebody told me I&#8217;d do this two years ago when I came back, I wouldn&#8217;t believe it. But it&#8217;s here and it shows why you work so hard. I work hard every day, even making the small things better.\u00bb<br \/>\n<strong><em>Barbora Strycova<\/em><\/strong><\/span><br \/>\n<\/a><\/p>\n<p>[\/vc_column_text][vc_separator color=\u00bbcustom\u00bb style=\u00bbshadow\u00bb el_width=\u00bb50&#8243; css=\u00bb.vc_custom_1481551621320{padding-top: 40px !important;padding-bottom: 40px !important;}\u00bb accent_color=\u00bb#000000&#8243;][vc_column_text]<\/p>\n<p style=\"text-align: justify;\"><a href=\"http:\/\/www.wtatennis.com\/news\/article\/3909793\" target=\"_blank\" rel=\"noopener\"><span style=\"color: #ffffff;\">It means a lot to me to do well here. It means that I was working hard with my coach<br \/>\n<\/span><\/a><a href=\"http:\/\/www.wtatennis.com\/news\/article\/3909793\" target=\"_blank\" rel=\"noopener\"><img loading=\"lazy\" decoding=\"async\" class=\"alignleft wp-image-183\" src=\"https:\/\/jeromeadamec.com\/wp-content\/uploads\/2016\/12\/gauche.png\" width=\"30\" height=\"28\" \/><\/a><a href=\"http:\/\/www.wtatennis.com\/news\/article\/4530989\/title\/historic-week-for-czech-republic\" target=\"_blank\" rel=\"noopener\"><span style=\"color: #ffffff;\"><strong><em>Barbora Strycova<\/em><\/strong><\/span><\/a><\/p>\n<p><img loading=\"lazy\" decoding=\"async\" class=\"alignright wp-image-184\" src=\"https:\/\/jeromeadamec.com\/wp-content\/uploads\/2016\/12\/droite.png\" width=\"30\" height=\"28\" \/>[\/vc_column_text][vc_separator color=\u00bbcustom\u00bb style=\u00bbshadow\u00bb el_width=\u00bb50&#8243; css=\u00bb.vc_custom_1481551621320{padding-top: 40px !important;padding-bottom: 40px !important;}\u00bb accent_color=\u00bb#000000&#8243;][vc_icon icon_fontawesome=\u00bbfab fa-instagram\u00bb color=\u00bbpurple\u00bb background_style=\u00bbrounded\u00bb size=\u00bblg\u00bb align=\u00bbcenter\u00bb link=\u00bburl:https%3A%2F%2Fwww.instagram.com%2Fjerome.adamec|target:_blank\u00bb][\/vc_column][\/vc_row]<\/p>\n<p><\/p>\n<\/div>","protected":false},"excerpt":{"rendered":"<p>[vc_row full_width=\u00bbstretch_row\u00bb full_height=\u00bbyes\u00bb equal_height=\u00bbyes\u00bb content_placement=\u00bbmiddle\u00bb parallax=\u00bbcontent-moving\u00bb parallax_speed_bg=\u00bb1.2&#8243; css=\u00bb.vc_custom_1481464051674{background-image: url(https:\/\/jeromeadamec.com\/wp-content\/uploads\/2016\/12\/bg1.jpg?id=11) !important;background-position: center;background-repeat: no-repeat;background-size: cover !important;}\u00bb][vc_column][vc_row_inner][vc_column_inner width=\u00bb1\/2&#8243;][vc_column_text css=\u00bb.vc_custom_1481548728838{padding-bottom: 30px !important;}\u00bb] J\u00e9r\u00f4me Adamec [\/vc_column_text][vc_column_text] 20 a\u00f1os de experiencia como entrenador en el circuito ATP\/WTA Nominado entrenador de oro por la WTA Edad : 49 a\u00f1os Idiomas : Franc\u00e9s, Castellano, Ingl\u00e9s. [\/vc_column_text][vc_empty_space][vc_column_text] \u00a0 \u00a0 \u00a0\u00ab Respeto, Humildad, Disciplina\u00a0\u00bb \u00a0 [&hellip;]<\/p>\n","protected":false},"author":1,"featured_media":0,"parent":0,"menu_order":0,"comment_status":"closed","ping_status":"closed","template":"","meta":{"site-sidebar-layout":"no-sidebar","site-content-layout":"plain-container","ast-site-content-layout":"normal-width-container","site-content-style":"unboxed","site-sidebar-style":"unboxed","ast-global-header-display":"","ast-banner-title-visibility":"","ast-main-header-display":"","ast-hfb-above-header-display":"","ast-hfb-below-header-display":"","ast-hfb-mobile-header-display":"","site-post-title":"disabled","ast-breadcrumbs-content":"","ast-featured-img":"disabled","footer-sml-layout":"","theme-transparent-header-meta":"default","adv-header-id-meta":"","stick-header-meta":"default","header-above-stick-meta":"","header-main-stick-meta":"","header-below-stick-meta":"","astra-migrate-meta-layouts":"set","ast-page-background-enabled":"default","ast-page-background-meta":{"desktop":{"background-color":"var(--ast-global-color-4)","background-image":"","background-repeat":"repeat","background-position":"center center","background-size":"auto","background-attachment":"scroll","background-type":"","background-media":"","overlay-type":"","overlay-color":"","overlay-opacity":"","overlay-gradient":""},"tablet":{"background-color":"","background-image":"","background-repeat":"repeat","background-position":"center center","background-size":"auto","background-attachment":"scroll","background-type":"","background-media":"","overlay-type":"","overlay-color":"","overlay-opacity":"","overlay-gradient":""},"mobile":{"background-color":"","background-image":"","background-repeat":"repeat","background-position":"center center","background-size":"auto","background-attachment":"scroll","background-type":"","background-media":"","overlay-type":"","overlay-color":"","overlay-opacity":"","overlay-gradient":""}},"ast-content-background-meta":{"desktop":{"background-color":"var(--ast-global-color-5)","background-image":"","background-repeat":"repeat","background-position":"center center","background-size":"auto","background-attachment":"scroll","background-type":"","background-media":"","overlay-type":"","overlay-color":"","overlay-opacity":"","overlay-gradient":""},"tablet":{"background-color":"var(--ast-global-color-5)","background-image":"","background-repeat":"repeat","background-position":"center center","background-size":"auto","background-attachment":"scroll","background-type":"","background-media":"","overlay-type":"","overlay-color":"","overlay-opacity":"","overlay-gradient":""},"mobile":{"background-color":"var(--ast-global-color-5)","background-image":"","background-repeat":"repeat","background-position":"center center","background-size":"auto","background-attachment":"scroll","background-type":"","background-media":"","overlay-type":"","overlay-color":"","overlay-opacity":"","overlay-gradient":""}},"footnotes":""},"class_list":["post-2","page","type-page","status-publish","hentry"],"_links":{"self":[{"href":"https:\/\/jeromeadamec.com\/es\/wp-json\/wp\/v2\/pages\/2"}],"collection":[{"href":"https:\/\/jeromeadamec.com\/es\/wp-json\/wp\/v2\/pages"}],"about":[{"href":"https:\/\/jeromeadamec.com\/es\/wp-json\/wp\/v2\/types\/page"}],"author":[{"embeddable":true,"href":"https:\/\/jeromeadamec.com\/es\/wp-json\/wp\/v2\/users\/1"}],"replies":[{"embeddable":true,"href":"https:\/\/jeromeadamec.com\/es\/wp-json\/wp\/v2\/comments?post=2"}],"version-history":[{"count":208,"href":"https:\/\/jeromeadamec.com\/es\/wp-json\/wp\/v2\/pages\/2\/revisions"}],"predecessor-version":[{"id":537,"href":"https:\/\/jeromeadamec.com\/es\/wp-json\/wp\/v2\/pages\/2\/revisions\/537"}],"wp:attachment":[{"href":"https:\/\/jeromeadamec.com\/es\/wp-json\/wp\/v2\/media?parent=2"}],"curies":[{"name":"wp","href":"https:\/\/api.w.org\/{rel}","templated":true}]}}