{"id":69,"date":"2016-12-11T14:59:11","date_gmt":"2016-12-11T13:59:11","guid":{"rendered":"https:\/\/jeromeadamec.com\/?page_id=69"},"modified":"2019-02-21T16:07:59","modified_gmt":"2019-02-21T15:07:59","slug":"joueurs","status":"publish","type":"page","link":"https:\/\/jeromeadamec.com\/es\/joueurs\/","title":{"rendered":"Jugadores"},"content":{"rendered":"<div class=\"wpb-content-wrapper\"><p>[vc_row full_width=\u00bbstretch_row\u00bb full_height=\u00bbyes\u00bb equal_height=\u00bbyes\u00bb content_placement=\u00bbmiddle\u00bb css=\u00bb.vc_custom_1481489120988{padding-top: 50px !important;background-color: #f9f9f9 !important;}\u00bb][vc_column css=\u00bb.vc_custom_1481466669147{padding-bottom: 40px !important;}\u00bb][vc_column_text]<\/p>\n<h1 style=\"text-align: center;\">Los jugadores que confiaron en\u00a0el<\/h1>\n<p>[\/vc_column_text][vc_row_inner equal_height=\u00bbyes\u00bb content_placement=\u00bbbottom\u00bb gap=\u00bb5&#8243; css=\u00bb.vc_custom_1481483021037{padding-bottom: 40px !important;}\u00bb][vc_column_inner width=\u00bb1\/3&#8243; css=\u00bb.vc_custom_1481468006196{border-right-width: 1px !important;}\u00bb][vc_single_image image=\u00bb73&#8243; alignment=\u00bbcenter\u00bb style=\u00bbvc_box_border_circle\u00bb border_color=\u00bbgreen\u00bb][vc_separator color=\u00bbblack\u00bb style=\u00bbshadow\u00bb el_width=\u00bb50&#8243;][vc_column_text css_animation=\u00bbflipInX\u00bb]<\/p>\n<p style=\"text-align: center;\"><span style=\"color: #aed74c;\"><strong>Younes El Aynaoui (MAR)<\/strong><\/span><\/p>\n<p style=\"text-align: center;\"><span style=\"color: #000000;\"><strong>14 ATP<\/strong><\/span><\/p>\n<p>[\/vc_column_text][vc_separator color=\u00bbcustom\u00bb style=\u00bbdashed\u00bb el_width=\u00bb50&#8243; accent_color=\u00bb#aed74c\u00bb][\/vc_column_inner][vc_column_inner width=\u00bb1\/3&#8243; css=\u00bb.vc_custom_1481468045469{border-right-width: 1px !important;border-left-width: 1px !important;border-left-color: #aed74c !important;border-left-style: dashed !important;border-right-color: #aed74c !important;border-right-style: dashed !important;}\u00bb][vc_single_image image=\u00bb74&#8243; alignment=\u00bbcenter\u00bb style=\u00bbvc_box_border_circle\u00bb border_color=\u00bbgreen\u00bb][vc_separator color=\u00bbblack\u00bb style=\u00bbshadow\u00bb el_width=\u00bb50&#8243;][vc_column_text css_animation=\u00bbflipInX\u00bb]<\/p>\n<p style=\"text-align: center;\"><span style=\"color: #aed74c;\"><strong>Barbora Strycova (CZE)<\/strong><\/span><\/p>\n<p style=\"text-align: center;\"><span style=\"color: #000000;\"><strong>16 WTA<\/strong><\/span><\/p>\n<p>[\/vc_column_text][vc_separator color=\u00bbcustom\u00bb style=\u00bbdashed\u00bb el_width=\u00bb50&#8243; accent_color=\u00bb#aed74c\u00bb][\/vc_column_inner][vc_column_inner width=\u00bb1\/3&#8243; css=\u00bb.vc_custom_1481468020280{border-left-width: 1px !important;}\u00bb][vc_single_image image=\u00bb318&#8243; alignment=\u00bbcenter\u00bb style=\u00bbvc_box_border_circle\u00bb border_color=\u00bbgreen\u00bb][vc_separator color=\u00bbblack\u00bb style=\u00bbshadow\u00bb el_width=\u00bb50&#8243;][vc_column_text css_animation=\u00bbflipInX\u00bb]<\/p>\n<p style=\"text-align: center;\"><span style=\"color: #aed74c;\"><strong>Mona Barthel (GER)<\/strong><\/span><\/p>\n<p style=\"text-align: center;\"><span style=\"color: #000000;\"><strong>23 WTA<\/strong><\/span><\/p>\n<p>[\/vc_column_text][vc_separator color=\u00bbcustom\u00bb style=\u00bbdashed\u00bb el_width=\u00bb50&#8243; accent_color=\u00bb#aed74c\u00bb][\/vc_column_inner][\/vc_row_inner][vc_row_inner equal_height=\u00bbyes\u00bb content_placement=\u00bbbottom\u00bb gap=\u00bb5&#8243; css=\u00bb.vc_custom_1481483021037{padding-bottom: 40px !important;}\u00bb][vc_column_inner width=\u00bb1\/3&#8243; css=\u00bb.vc_custom_1481468006196{border-right-width: 1px !important;}\u00bb][vc_single_image image=\u00bb75&#8243; alignment=\u00bbcenter\u00bb style=\u00bbvc_box_border_circle\u00bb border_color=\u00bbgreen\u00bb][vc_separator color=\u00bbblack\u00bb style=\u00bbshadow\u00bb el_width=\u00bb50&#8243;][vc_column_text css_animation=\u00bbflipInX\u00bb]<\/p>\n<p style=\"text-align: center;\"><span style=\"color: #aed74c;\"><strong>Tatjana Malek (GER)<\/strong><\/span><\/p>\n<p style=\"text-align: center;\"><span style=\"color: #000000;\"><strong>46 WTA<\/strong><\/span><\/p>\n<p>[\/vc_column_text][vc_separator color=\u00bbcustom\u00bb style=\u00bbdashed\u00bb el_width=\u00bb50&#8243; accent_color=\u00bb#aed74c\u00bb][\/vc_column_inner][vc_column_inner width=\u00bb1\/3&#8243; css=\u00bb.vc_custom_1481468045469{border-right-width: 1px !important;border-left-width: 1px !important;border-left-color: #aed74c !important;border-left-style: dashed !important;border-right-color: #aed74c !important;border-right-style: dashed !important;}\u00bb][vc_single_image image=\u00bb357&#8243; alignment=\u00bbcenter\u00bb style=\u00bbvc_box_border_circle\u00bb border_color=\u00bbgreen\u00bb][vc_separator color=\u00bbblack\u00bb style=\u00bbshadow\u00bb el_width=\u00bb50&#8243;][vc_column_text css_animation=\u00bbflipInX\u00bb]<\/p>\n<p style=\"text-align: center;\"><span style=\"color: #aed74c;\"><strong>Silvia Soler Espinosa (ESP)<\/strong><\/span><\/p>\n<p style=\"text-align: center;\"><span style=\"color: #000000;\"><strong>54 WTA<\/strong><\/span><\/p>\n<p>[\/vc_column_text][vc_separator color=\u00bbcustom\u00bb style=\u00bbdashed\u00bb el_width=\u00bb50&#8243; accent_color=\u00bb#aed74c\u00bb][\/vc_column_inner][vc_column_inner width=\u00bb1\/3&#8243; css=\u00bb.vc_custom_1481468020280{border-left-width: 1px !important;}\u00bb][vc_single_image image=\u00bb455&#8243; alignment=\u00bbcenter\u00bb style=\u00bbvc_box_border_circle\u00bb border_color=\u00bbgreen\u00bb][vc_separator color=\u00bbblack\u00bb style=\u00bbshadow\u00bb el_width=\u00bb50&#8243;][vc_column_text css_animation=\u00bbflipInX\u00bb]<\/p>\n<p style=\"text-align: center;\"><span style=\"color: #aed74c;\"><strong>\u00c7a\u011fla B\u00fcy\u00fckak\u00e7ay (TUR)<\/strong><\/span><\/p>\n<p style=\"text-align: center;\"><span style=\"color: #000000;\"><strong>60 WTA<\/strong><\/span><\/p>\n<p>[\/vc_column_text][vc_separator color=\u00bbcustom\u00bb style=\u00bbdashed\u00bb el_width=\u00bb50&#8243; accent_color=\u00bb#aed74c\u00bb][\/vc_column_inner][\/vc_row_inner][vc_row_inner equal_height=\u00bbyes\u00bb content_placement=\u00bbbottom\u00bb gap=\u00bb5&#8243; css=\u00bb.vc_custom_1481483021037{padding-bottom: 40px !important;}\u00bb][vc_column_inner width=\u00bb1\/3&#8243; css=\u00bb.vc_custom_1481468006196{border-right-width: 1px !important;}\u00bb][vc_single_image image=\u00bb321&#8243; alignment=\u00bbcenter\u00bb style=\u00bbvc_box_border_circle\u00bb border_color=\u00bbgreen\u00bb][vc_separator color=\u00bbblack\u00bb style=\u00bbshadow\u00bb el_width=\u00bb50&#8243;][vc_column_text css_animation=\u00bbflipInX\u00bb]<\/p>\n<p style=\"text-align: center;\"><span style=\"color: #aed74c;\"><strong>Naomi Broady (GBR)<\/strong><\/span><\/p>\n<p style=\"text-align: center;\"><span style=\"color: #000000;\"><strong>76 WTA<\/strong><\/span><\/p>\n<p>[\/vc_column_text][vc_separator color=\u00bbcustom\u00bb style=\u00bbdashed\u00bb el_width=\u00bb50&#8243; accent_color=\u00bb#aed74c\u00bb][\/vc_column_inner][vc_column_inner width=\u00bb1\/3&#8243; css=\u00bb.vc_custom_1481468045469{border-right-width: 1px !important;border-left-width: 1px !important;border-left-color: #aed74c !important;border-left-style: dashed !important;border-right-color: #aed74c !important;border-right-style: dashed !important;}\u00bb][vc_single_image image=\u00bb105&#8243; alignment=\u00bbcenter\u00bb style=\u00bbvc_box_border_circle\u00bb border_color=\u00bbgreen\u00bb][vc_separator color=\u00bbblack\u00bb style=\u00bbshadow\u00bb el_width=\u00bb50&#8243;][vc_column_text css_animation=\u00bbflipInX\u00bb]<\/p>\n<p style=\"text-align: center;\"><span style=\"color: #aed74c;\"><strong>Diego Hipperdinger (ARG)<\/strong><\/span><\/p>\n<p style=\"text-align: center;\"><span style=\"color: #000000;\"><strong>177 ATP<\/strong><\/span><\/p>\n<p>[\/vc_column_text][vc_separator color=\u00bbcustom\u00bb style=\u00bbdashed\u00bb el_width=\u00bb50&#8243; accent_color=\u00bb#aed74c\u00bb][\/vc_column_inner][vc_column_inner width=\u00bb1\/3&#8243; css=\u00bb.vc_custom_1481468020280{border-left-width: 1px !important;}\u00bb][vc_single_image image=\u00bb311&#8243; alignment=\u00bbcenter\u00bb style=\u00bbvc_box_border_circle\u00bb border_color=\u00bbgreen\u00bb][vc_separator color=\u00bbblack\u00bb style=\u00bbshadow\u00bb el_width=\u00bb50&#8243;][vc_column_text css_animation=\u00bbflipInX\u00bb]<\/p>\n<p style=\"text-align: center;\"><span style=\"color: #aed74c;\"><strong>James McGee (IRL)<\/strong><\/span><\/p>\n<p style=\"text-align: center;\"><span style=\"color: #000000;\"><strong>188 ATP<\/strong><\/span><\/p>\n<p>[\/vc_column_text][vc_separator color=\u00bbcustom\u00bb style=\u00bbdashed\u00bb el_width=\u00bb50&#8243; accent_color=\u00bb#aed74c\u00bb][\/vc_column_inner][\/vc_row_inner][vc_row_inner equal_height=\u00bbyes\u00bb content_placement=\u00bbbottom\u00bb gap=\u00bb5&#8243; css=\u00bb.vc_custom_1481483021037{padding-bottom: 40px !important;}\u00bb][vc_column_inner width=\u00bb1\/3&#8243; css=\u00bb.vc_custom_1481468006196{border-right-width: 1px !important;}\u00bb][vc_single_image image=\u00bb108&#8243; alignment=\u00bbcenter\u00bb style=\u00bbvc_box_border_circle\u00bb border_color=\u00bbgreen\u00bb][vc_separator color=\u00bbblack\u00bb style=\u00bbshadow\u00bb el_width=\u00bb50&#8243;][vc_column_text css_animation=\u00bbflipInX\u00bb]<\/p>\n<p style=\"text-align: center;\"><span style=\"color: #aed74c;\"><strong>Jakub Herm-Zahlava (GER)<\/strong><\/span><\/p>\n<p style=\"text-align: center;\"><span style=\"color: #000000;\"><strong>194 ATP<\/strong><\/span><\/p>\n<p>[\/vc_column_text][vc_separator color=\u00bbcustom\u00bb style=\u00bbdashed\u00bb el_width=\u00bb50&#8243; accent_color=\u00bb#aed74c\u00bb][\/vc_column_inner][vc_column_inner width=\u00bb1\/3&#8243; css=\u00bb.vc_custom_1481468045469{border-right-width: 1px !important;border-left-width: 1px !important;border-left-color: #aed74c !important;border-left-style: dashed !important;border-right-color: #aed74c !important;border-right-style: dashed !important;}\u00bb][vc_single_image image=\u00bb110&#8243; alignment=\u00bbcenter\u00bb style=\u00bbvc_box_border_circle\u00bb border_color=\u00bbgreen\u00bb][vc_separator color=\u00bbblack\u00bb style=\u00bbshadow\u00bb el_width=\u00bb50&#8243;][vc_column_text css_animation=\u00bbflipInX\u00bb]<\/p>\n<p style=\"text-align: center;\"><span style=\"color: #aed74c;\"><strong>Louk Sorensen (IRL)<\/strong><\/span><\/p>\n<p style=\"text-align: center;\"><span style=\"color: #000000;\"><strong>213 ATP<\/strong><\/span><\/p>\n<p>[\/vc_column_text][vc_separator color=\u00bbcustom\u00bb style=\u00bbdashed\u00bb el_width=\u00bb50&#8243; accent_color=\u00bb#aed74c\u00bb][\/vc_column_inner][vc_column_inner width=\u00bb1\/3&#8243; css=\u00bb.vc_custom_1481468020280{border-left-width: 1px !important;}\u00bb][vc_single_image image=\u00bb310&#8243; alignment=\u00bbcenter\u00bb style=\u00bbvc_box_border_circle\u00bb border_color=\u00bbgreen\u00bb][vc_separator color=\u00bbblack\u00bb style=\u00bbshadow\u00bb el_width=\u00bb50&#8243;][vc_column_text css_animation=\u00bbflipInX\u00bb]<\/p>\n<p style=\"text-align: center;\"><span style=\"color: #aed74c;\"><strong>Pedro Clar Rossell (ESP)<\/strong><\/span><\/p>\n<p style=\"text-align: center;\"><span style=\"color: #000000;\"><strong>237 ATP<\/strong><\/span><\/p>\n<p>[\/vc_column_text][vc_separator color=\u00bbcustom\u00bb style=\u00bbdashed\u00bb el_width=\u00bb50&#8243; accent_color=\u00bb#aed74c\u00bb][\/vc_column_inner][\/vc_row_inner][vc_row_inner equal_height=\u00bbyes\u00bb content_placement=\u00bbbottom\u00bb gap=\u00bb5&#8243; css=\u00bb.vc_custom_1481483021037{padding-bottom: 40px !important;}\u00bb][vc_column_inner width=\u00bb1\/3&#8243; css=\u00bb.vc_custom_1481468006196{border-right-width: 1px !important;}\u00bb][vc_single_image image=\u00bb112&#8243; alignment=\u00bbcenter\u00bb style=\u00bbvc_box_border_circle\u00bb border_color=\u00bbgreen\u00bb][vc_separator color=\u00bbblack\u00bb style=\u00bbshadow\u00bb el_width=\u00bb50&#8243;][vc_column_text css_animation=\u00bbflipInX\u00bb]<\/p>\n<p style=\"text-align: center;\"><span style=\"color: #aed74c;\"><strong>Mounir El Aarej (MAR)<\/strong><\/span><\/p>\n<p style=\"text-align: center;\"><span style=\"color: #000000;\"><strong>319 ATP<\/strong><\/span><\/p>\n<p>[\/vc_column_text][vc_separator color=\u00bbcustom\u00bb style=\u00bbdashed\u00bb el_width=\u00bb50&#8243; accent_color=\u00bb#aed74c\u00bb][\/vc_column_inner][vc_column_inner width=\u00bb1\/3&#8243; css=\u00bb.vc_custom_1481468045469{border-right-width: 1px !important;border-left-width: 1px !important;border-left-color: #aed74c !important;border-left-style: dashed !important;border-right-color: #aed74c !important;border-right-style: dashed !important;}\u00bb][vc_single_image image=\u00bb116&#8243; alignment=\u00bbcenter\u00bb style=\u00bbvc_box_border_circle\u00bb border_color=\u00bbgreen\u00bb][vc_separator color=\u00bbblack\u00bb style=\u00bbshadow\u00bb el_width=\u00bb50&#8243;][vc_column_text css_animation=\u00bbflipInX\u00bb]<\/p>\n<p style=\"text-align: center;\"><span style=\"color: #aed74c;\"><strong>Mario Mu\u00f1oz (ESP)<\/strong><\/span><\/p>\n<p style=\"text-align: center;\"><span style=\"color: #000000;\"><strong>319 ATP<\/strong><\/span><\/p>\n<p>[\/vc_column_text][vc_separator color=\u00bbcustom\u00bb style=\u00bbdashed\u00bb el_width=\u00bb50&#8243; accent_color=\u00bb#aed74c\u00bb][\/vc_column_inner][vc_column_inner width=\u00bb1\/3&#8243; css=\u00bb.vc_custom_1481468020280{border-left-width: 1px !important;}\u00bb][vc_single_image image=\u00bb117&#8243; alignment=\u00bbcenter\u00bb style=\u00bbvc_box_border_circle\u00bb border_color=\u00bbgreen\u00bb][vc_separator color=\u00bbblack\u00bb style=\u00bbshadow\u00bb el_width=\u00bb50&#8243;][vc_column_text css_animation=\u00bbflipInX\u00bb]<\/p>\n<p style=\"text-align: center;\"><span style=\"color: #aed74c;\"><strong>Kevin Sorensen (IRL)<\/strong><\/span><\/p>\n<p style=\"text-align: center;\"><span style=\"color: #000000;\"><strong>353 ATP<\/strong><\/span><\/p>\n<p>[\/vc_column_text][vc_separator color=\u00bbcustom\u00bb style=\u00bbdashed\u00bb el_width=\u00bb50&#8243; accent_color=\u00bb#aed74c\u00bb][\/vc_column_inner][\/vc_row_inner][vc_row_inner equal_height=\u00bbyes\u00bb content_placement=\u00bbbottom\u00bb gap=\u00bb5&#8243; css=\u00bb.vc_custom_1481483021037{padding-bottom: 40px !important;}\u00bb][vc_column_inner width=\u00bb1\/3&#8243; css=\u00bb.vc_custom_1481468006196{border-right-width: 1px !important;}\u00bb][vc_single_image image=\u00bb118&#8243; alignment=\u00bbcenter\u00bb style=\u00bbvc_box_border_circle\u00bb border_color=\u00bbgreen\u00bb][vc_separator color=\u00bbblack\u00bb style=\u00bbshadow\u00bb el_width=\u00bb50&#8243;][vc_column_text css_animation=\u00bbflipInX\u00bb]<\/p>\n<p style=\"text-align: center;\"><span style=\"color: #aed74c;\"><strong>Ferran Ventura Martell (ESP)<\/strong><\/span><\/p>\n<p style=\"text-align: center;\"><span style=\"color: #000000;\"><strong>429 ATP<\/strong><\/span><\/p>\n<p>[\/vc_column_text][vc_separator color=\u00bbcustom\u00bb style=\u00bbdashed\u00bb el_width=\u00bb50&#8243; accent_color=\u00bb#aed74c\u00bb][\/vc_column_inner][vc_column_inner width=\u00bb1\/3&#8243; css=\u00bb.vc_custom_1481468045469{border-right-width: 1px !important;border-left-width: 1px !important;border-left-color: #aed74c !important;border-left-style: dashed !important;border-right-color: #aed74c !important;border-right-style: dashed !important;}\u00bb][\/vc_column_inner][vc_column_inner width=\u00bb1\/3&#8243; css=\u00bb.vc_custom_1481468020280{border-left-width: 1px !important;}\u00bb][\/vc_column_inner][\/vc_row_inner][\/vc_column][\/vc_row]<\/p>\n<\/div>","protected":false},"excerpt":{"rendered":"<p>[vc_row full_width=\u00bbstretch_row\u00bb full_height=\u00bbyes\u00bb equal_height=\u00bbyes\u00bb content_placement=\u00bbmiddle\u00bb css=\u00bb.vc_custom_1481489120988{padding-top: 50px !important;background-color: #f9f9f9 !important;}\u00bb][vc_column css=\u00bb.vc_custom_1481466669147{padding-bottom: 40px !important;}\u00bb][vc_column_text] Los jugadores que confiaron en\u00a0el [\/vc_column_text][vc_row_inner equal_height=\u00bbyes\u00bb content_placement=\u00bbbottom\u00bb gap=\u00bb5&#8243; css=\u00bb.vc_custom_1481483021037{padding-bottom: 40px !important;}\u00bb][vc_column_inner width=\u00bb1\/3&#8243; css=\u00bb.vc_custom_1481468006196{border-right-width: 1px !important;}\u00bb][vc_single_image image=\u00bb73&#8243; alignment=\u00bbcenter\u00bb style=\u00bbvc_box_border_circle\u00bb border_color=\u00bbgreen\u00bb][vc_separator color=\u00bbblack\u00bb style=\u00bbshadow\u00bb el_width=\u00bb50&#8243;][vc_column_text css_animation=\u00bbflipInX\u00bb] Younes El Aynaoui (MAR) 14 ATP [\/vc_column_text][vc_separator color=\u00bbcustom\u00bb style=\u00bbdashed\u00bb el_width=\u00bb50&#8243; accent_color=\u00bb#aed74c\u00bb][\/vc_column_inner][vc_column_inner width=\u00bb1\/3&#8243; css=\u00bb.vc_custom_1481468045469{border-right-width: 1px !important;border-left-width: 1px !important;border-left-color: #aed74c [&hellip;]<\/p>\n","protected":false},"author":1,"featured_media":0,"parent":0,"menu_order":0,"comment_status":"closed","ping_status":"closed","template":"","meta":{"site-sidebar-layout":"no-sidebar","site-content-layout":"plain-container","ast-site-content-layout":"","site-content-style":"default","site-sidebar-style":"default","ast-global-header-display":"","ast-banner-title-visibility":"","ast-main-header-display":"","ast-hfb-above-header-display":"","ast-hfb-below-header-display":"","ast-hfb-mobile-header-display":"","site-post-title":"disabled","ast-breadcrumbs-content":"","ast-featured-img":"disabled","footer-sml-layout":"","theme-transparent-header-meta":"","adv-header-id-meta":"","stick-header-meta":"","header-above-stick-meta":"","header-main-stick-meta":"","header-below-stick-meta":"","astra-migrate-meta-layouts":"default","ast-page-background-enabled":"default","ast-page-background-meta":{"desktop":{"background-color":"var(--ast-global-color-4)","background-image":"","background-repeat":"repeat","background-position":"center center","background-size":"auto","background-attachment":"scroll","background-type":"","background-media":"","overlay-type":"","overlay-color":"","overlay-opacity":"","overlay-gradient":""},"tablet":{"background-color":"","background-image":"","background-repeat":"repeat","background-position":"center center","background-size":"auto","background-attachment":"scroll","background-type":"","background-media":"","overlay-type":"","overlay-color":"","overlay-opacity":"","overlay-gradient":""},"mobile":{"background-color":"","background-image":"","background-repeat":"repeat","background-position":"center center","background-size":"auto","background-attachment":"scroll","background-type":"","background-media":"","overlay-type":"","overlay-color":"","overlay-opacity":"","overlay-gradient":""}},"ast-content-background-meta":{"desktop":{"background-color":"var(--ast-global-color-5)","background-image":"","background-repeat":"repeat","background-position":"center center","background-size":"auto","background-attachment":"scroll","background-type":"","background-media":"","overlay-type":"","overlay-color":"","overlay-opacity":"","overlay-gradient":""},"tablet":{"background-color":"var(--ast-global-color-5)","background-image":"","background-repeat":"repeat","background-position":"center center","background-size":"auto","background-attachment":"scroll","background-type":"","background-media":"","overlay-type":"","overlay-color":"","overlay-opacity":"","overlay-gradient":""},"mobile":{"background-color":"var(--ast-global-color-5)","background-image":"","background-repeat":"repeat","background-position":"center center","background-size":"auto","background-attachment":"scroll","background-type":"","background-media":"","overlay-type":"","overlay-color":"","overlay-opacity":"","overlay-gradient":""}},"footnotes":""},"class_list":["post-69","page","type-page","status-publish","hentry"],"_links":{"self":[{"href":"https:\/\/jeromeadamec.com\/es\/wp-json\/wp\/v2\/pages\/69"}],"collection":[{"href":"https:\/\/jeromeadamec.com\/es\/wp-json\/wp\/v2\/pages"}],"about":[{"href":"https:\/\/jeromeadamec.com\/es\/wp-json\/wp\/v2\/types\/page"}],"author":[{"embeddable":true,"href":"https:\/\/jeromeadamec.com\/es\/wp-json\/wp\/v2\/users\/1"}],"replies":[{"embeddable":true,"href":"https:\/\/jeromeadamec.com\/es\/wp-json\/wp\/v2\/comments?post=69"}],"version-history":[{"count":61,"href":"https:\/\/jeromeadamec.com\/es\/wp-json\/wp\/v2\/pages\/69\/revisions"}],"predecessor-version":[{"id":461,"href":"https:\/\/jeromeadamec.com\/es\/wp-json\/wp\/v2\/pages\/69\/revisions\/461"}],"wp:attachment":[{"href":"https:\/\/jeromeadamec.com\/es\/wp-json\/wp\/v2\/media?parent=69"}],"curies":[{"name":"wp","href":"https:\/\/api.w.org\/{rel}","templated":true}]}}